{"id":10,"date":"2022-05-24T22:11:49","date_gmt":"2022-05-24T22:11:49","guid":{"rendered":"http:\/\/localhost:8000\/?page_id=10"},"modified":"2022-05-26T13:57:34","modified_gmt":"2022-05-26T13:57:34","slug":"vita","status":"publish","type":"page","link":"https:\/\/marialoos.com\/en\/vita\/","title":{"rendered":"Vita"},"content":{"rendered":"<p>Maria Loos is internationally in demand as an interpreter of Early and Contemporary music.<\/p>\n\n\n\n<p>She presents herself as an outstanding artistic personality who impresses the audience and the press with her spirited playing, her triumphant virtuosity and her feeling for remarkable sound refinement.<\/p>\n\n\n\n<p>She received the Pasticcio Prize 2010 for her CD Piazzolla\/Vivaldi.<\/p>\n\n\n\n<p>Concert engagements took the artiste to festivals such as the Salzburg Festival, Innsbruck Early Music Festival, Frankfurt's Old Opera, Early Music Days Osnabr\u00fcck, Early Music Vienna, H\u00e4ndel-Festival Halle, Soloist Concerts Villach, Castle Nymphenburg Munich, Castle Schleissheim, Castle Goldegg, Chamber Concerts Friedenau, Salzburg Residence and many more.<\/p>\n\n\n\n<p>Since 2006 she has been invited to concerts and master courses in South America and Florida.<br>In 2008 she was artist in residence at the IUP Festival in Pennsylvania\/U.S.A.<\/p>\n\n\n\n<p>She composed and played parts of the film music for Stephan Laur's film \"Bewegte Stille\"<\/p>\n\n\n\n<p>As a soloist she played in concerts with the Gewandhaus Orchestra Leipzig, the Salzburg Hofmusik, W\u00fcrzburg's Bach Collegium, the Leopold Mozart Chamber Orchestra, the Philharmonic Chamber Orchestra Wernigerode, the Chamber Orchestra Saarbr\u00fccken, the Freisinger Hofmusik, the Chamber Orchestra Kaiserslautern, the Michael-Haydn-Ensemble and the Ensemble Prisma Vienna.<\/p>\n\n\n\n<p>With her ensembles Spirit of Musicke and Musica Thalia she drew attention to herself with remarkable programme planning in concert series and festivals of Early Music.<\/p>\n\n\n\n<p>Beside the intensive involvement in Early music she works closely together with composers of Contemporary Music such as Drake Mabry, Anna Rubin and Jos\u00e9 Carli and has been the first to perform works from them.<\/p>\n\n\n\n<p>She has taken part in CD and radio recordings and is a lecturer for international courses.<\/p>\n\n\n\n<p>From 2020\/2021 she will have a teaching position at the Mozarteum Salzburg.<\/p>\n\n\n\n<p>Maria Loos studied the recorder at the Mozarteum and at the College for Music in Leipzig (Robert Ehrlich). She completed her studies in master classes with Han Tol, Karel van Steenhoven, Dorothee Oberlinger, Gerd Luenenbuerger and Carin van Heerden.<br>She passed her graduation recital with distinction.<\/p>","protected":false},"excerpt":{"rendered":"<p>Maria Loos ist eine international gefragte Interpretin Alter und Neuer Musik. Sie pr\u00e4sentiert sich als herausragende k\u00fcnstlerische Pers\u00f6nlichkeit, die mit ihrem temperamentvollen Spiel, ihrer auftrumpfenden Virtuosit\u00e4t und ihrem Sinn f\u00fcr au\u00dfergew\u00f6hnliche Klangraffinements Publikum und Presse beeindruckt. F\u00fcr ihre CD Piazzolla\/Vivaldi hat sie den Pasticcio-Preis erhalten. Konzertengagements f\u00fchrten die K\u00fcnstlerin zu den Salzburger Festspielen, Innsbrucker Festwochen [&hellip;]<\/p>","protected":false},"author":1,"featured_media":0,"parent":0,"menu_order":0,"comment_status":"closed","ping_status":"closed","template":"","meta":{"footnotes":""},"class_list":["post-10","page","type-page","status-publish","hentry"],"_links":{"self":[{"href":"https:\/\/marialoos.com\/en\/wp-json\/wp\/v2\/pages\/10","targetHints":{"allow":["GET"]}}],"collection":[{"href":"https:\/\/marialoos.com\/en\/wp-json\/wp\/v2\/pages"}],"about":[{"href":"https:\/\/marialoos.com\/en\/wp-json\/wp\/v2\/types\/page"}],"author":[{"embeddable":true,"href":"https:\/\/marialoos.com\/en\/wp-json\/wp\/v2\/users\/1"}],"replies":[{"embeddable":true,"href":"https:\/\/marialoos.com\/en\/wp-json\/wp\/v2\/comments?post=10"}],"version-history":[{"count":3,"href":"https:\/\/marialoos.com\/en\/wp-json\/wp\/v2\/pages\/10\/revisions"}],"predecessor-version":[{"id":193,"href":"https:\/\/marialoos.com\/en\/wp-json\/wp\/v2\/pages\/10\/revisions\/193"}],"wp:attachment":[{"href":"https:\/\/marialoos.com\/en\/wp-json\/wp\/v2\/media?parent=10"}],"curies":[{"name":"wp","href":"https:\/\/api.w.org\/{rel}","templated":true}]}}