{"id":331,"date":"2022-07-11T10:54:56","date_gmt":"2022-07-11T10:54:56","guid":{"rendered":"http:\/\/localhost:8000\/?page_id=331"},"modified":"2022-07-11T12:06:37","modified_gmt":"2022-07-11T12:06:37","slug":"aktuell","status":"publish","type":"page","link":"https:\/\/marialoos.com\/en\/aktuell\/","title":{"rendered":"News"},"content":{"rendered":"<p>\"There's no question about it - Maria Loos playing the historic recorder belongs to the outstanding interpreters of the new generation of dynamic soloists. She presented works from the baroque period unique in their brilliance and stringency.\"<br><em><mark style=\"color:#a0827e\" class=\"has-inline-color\">\u2013 Rheinpfalz<\/mark><\/em><\/p>\n\n\n\n<p>\"What else would be breathtaking if not the filigree virtuosity with which the recorder player Maria Loos plays through the most absurd runs and arpeggios in four Vivaldi concerts? In the bold programme combination she also develops the dark cantilenas in Astor Piazzolla's 'Histoire du Tango' with incredibly rich detail. Loos is alertly accompanied by Ensemble Prisma, under Thomas Fheodoroff, which lends the tango a charming new colour on early instruments. This will be awarded the Pasticcio Prize on 29 April, 8.15, on the Austrian radio station \u00d61.\"<br><em><mark style=\"color:#a0827e\" class=\"has-inline-color\">\u2013 Falter Vienna<\/mark><\/em><\/p>","protected":false},"excerpt":{"rendered":"<p>&#8222;Keine Frage &#8211; Maria Loos geh\u00f6rt zu den herausragenden Interpretinnen der neuen Generation von dynamischen Solisten auf der Blockfl\u00f6te. Sie stellt Werke des Barockzeitalters vor, die in ihrer Stringenz und Brillanz ihresgleichen suchen.&#8220;\u2013 Rheinpfalz &#8222;Was sonst w\u00e4re atemberaubend, wenn nicht die filigrane Virtuosit\u00e4t, mit der sich die Blockfl\u00f6tistin Maria Loos in vier Vivaldi-Konzerten durch die [&hellip;]<\/p>","protected":false},"author":1,"featured_media":0,"parent":0,"menu_order":0,"comment_status":"closed","ping_status":"closed","template":"","meta":{"footnotes":""},"class_list":["post-331","page","type-page","status-publish","hentry"],"_links":{"self":[{"href":"https:\/\/marialoos.com\/en\/wp-json\/wp\/v2\/pages\/331","targetHints":{"allow":["GET"]}}],"collection":[{"href":"https:\/\/marialoos.com\/en\/wp-json\/wp\/v2\/pages"}],"about":[{"href":"https:\/\/marialoos.com\/en\/wp-json\/wp\/v2\/types\/page"}],"author":[{"embeddable":true,"href":"https:\/\/marialoos.com\/en\/wp-json\/wp\/v2\/users\/1"}],"replies":[{"embeddable":true,"href":"https:\/\/marialoos.com\/en\/wp-json\/wp\/v2\/comments?post=331"}],"version-history":[{"count":3,"href":"https:\/\/marialoos.com\/en\/wp-json\/wp\/v2\/pages\/331\/revisions"}],"predecessor-version":[{"id":340,"href":"https:\/\/marialoos.com\/en\/wp-json\/wp\/v2\/pages\/331\/revisions\/340"}],"wp:attachment":[{"href":"https:\/\/marialoos.com\/en\/wp-json\/wp\/v2\/media?parent=331"}],"curies":[{"name":"wp","href":"https:\/\/api.w.org\/{rel}","templated":true}]}}